{"id":271,"date":"2014-04-03T10:35:06","date_gmt":"2014-04-03T09:35:06","guid":{"rendered":"http:\/\/localhost\/direction\/?page_id=271"},"modified":"2023-06-01T10:20:39","modified_gmt":"2023-06-01T09:20:39","slug":"comite-de-redaction","status":"publish","type":"page","link":"https:\/\/synthese.univ-annaba.dz\/?page_id=271","title":{"rendered":"Comit\u00e9 \u00e9ditorial"},"content":{"rendered":"<div><span style=\"font-size: large;\"><b>Directeur de la Revue<\/b><\/span><br \/>\nPr.\u00a0 Mohamed Manaa<br \/>\nRecteur de l\u2019Universit\u00e9 Badji Mokhtar \u2013 Annaba<\/div>\n<p><span style=\"color: #0000ff;\">Facult\u00e9 des lettres et des sciences sociales et humaines, D\u00e9partement\u00a0 Anglais.<\/span><\/p>\n<div><span style=\"font-size: large;\"><b>Directeur des Publications<\/b><\/span><br \/>\nPr.\u00a0Chaoui Kamel<\/div>\n<div><span style=\"color: #0000ff; font-size: 10pt;\">Facult\u00e9 des Sciences de l&rsquo;ing\u00e9niorat , D\u00e9partement\u00a0 M\u00e9canique.<\/span><\/div>\n<p><span style=\"color: #0000ff; font-size: 10pt;\">Email:\u00a0\u00a0<span style=\"text-decoration: underline; color: #00ccff;\"><a class=\"rABsFf RffVmb AL18ce\" style=\"color: #00ccff; text-decoration: underline;\" href=\"mailto:chaoui.kam23@gmail.com\" target=\"_blank\" rel=\"noopener\" data-tooltip-position=\"top\" data-tooltip=\"Informations issues de vos contacts Google\">chaoui.kam23@gmail.com<\/a><\/span><\/span><\/p>\n<div><b><span style=\"font-size: large;\">R\u00e9dacteur en chef<\/span><br \/>\n<\/b>Pr.\u00a0Chaoui kamel<\/div>\n<div><span style=\"color: #0000ff; font-size: 10pt;\">Facult\u00e9 des Sciences de l&rsquo; ing\u00e9niorat , D\u00e9partement\u00a0 M\u00e9canique.<\/span><\/div>\n<p><span style=\"color: #0000ff;\">Email:\u00a0<\/span>\u00a0<span style=\"text-decoration: underline; color: #00ccff;\"><a class=\"rABsFf RffVmb AL18ce\" style=\"color: #00ccff; text-decoration: underline;\" href=\"mailto:chaoui.kam23@gmail.com\" target=\"_blank\" rel=\"noopener\" data-tooltip-position=\"top\" data-tooltip=\"Informations issues de vos contacts Google\">chaoui.kam23@gmail.com<\/a><\/span><\/p>\n<p><span style=\"font-size: large;\"><b>Comit\u00e9 de R\u00e9daction<\/b><\/span><\/p>\n<div>Pr. Souad Djerad<\/div>\n<div><span style=\"color: #0000ff; font-size: 10pt;\">Facult\u00e9 des Sciences\u00a0 de l&rsquo;ing\u00e9niorat\u00a0, D\u00e9partement\u00a0 g\u00e9nie des proc\u00e9d\u00e9s .<\/span><\/div>\n<div><span style=\"color: #0000ff; font-size: 10pt;\">Email: <span style=\"text-decoration: underline; color: #00ccff;\">s_djerad@hotmail.com <\/span><\/span><\/div>\n<div><\/div>\n<div>\n<div>Pr.\u00a0\u00a0Kara Hichem<\/div>\n<div><span style=\"color: #0000ff; font-size: 10pt;\">Facult\u00e9 des Sciences\u00a0 ,\u00a0<span class=\"element-contact\">D\u00e9partement des Sciences de la Mer<\/span><\/span><\/div>\n<div><span style=\"color: #0000ff; font-size: 10pt;\">Email: <span style=\"text-decoration: underline; color: #00ccff;\">kara_hichem@yahoo.com<\/span><\/span><\/div>\n<\/div>\n<div><\/div>\n<div>\n<div>Pr.\u00a0 Berredjem Malika<\/div>\n<div><span style=\"color: #0000ff; font-size: 10pt;\">Facult\u00e9 des Sciences\u00a0 , D\u00e9partement\u00a0 Chimie.<\/span><\/div>\n<div><span style=\"color: #0000ff; font-size: 10pt;\">Email:\u00a0<span style=\"text-decoration: underline; color: #00ccff;\">mberredjem@yahoo.fr<\/span><br \/>\n<\/span><\/div>\n<div><\/div>\n<\/div>\n<div>Pr.\u00a0 Ali Gasmi<\/div>\n<div>\n<div><span style=\"color: #0000ff; font-size: 10pt;\">Facult\u00e9 des Sciences\u00a0 , D\u00e9partement\u00a0 physique.<\/span><\/div>\n<div><span style=\"color: #0000ff;\"><span style=\"color: #0000ff;\"><span style=\"font-size: 10pt;\">Email: <span style=\"text-decoration: underline; color: #00ccff;\">gasmiali2009@yahoo.fr\u00a0<\/span><\/span><br \/>\n<\/span><\/span><\/div>\n<div><\/div>\n<\/div>\n<div>Pr.\u00a0 \u00a0Zine Kechrid<\/div>\n<div>\n<div><span style=\"color: #0000ff; font-size: 10pt;\">Facult\u00e9 des Sciences\u00a0 , D\u00e9partement\u00a0 Biologie.<\/span><\/div>\n<div><span style=\"color: #0000ff; font-size: 10pt;\"><span style=\"color: #0000ff;\">Email:<span style=\"text-decoration: underline; color: #00ccff;\"> kechridzine@yahoo.fr\u00a0<\/span><\/span><\/span><\/div>\n<div><\/div>\n<div>\n<div>Pr.\u00a0 \u00a0Djeghaba Kamel<\/div>\n<div>\n<div><span style=\"color: #0000ff; font-size: 10pt;\">Facult\u00e9 des Sciences de l&rsquo;ing\u00e9niorat , D\u00e9partement\u00a0 M\u00e9canique.<\/span><\/div>\n<div><span style=\"color: #0000ff; font-size: 10pt;\"><span style=\"color: #0000ff;\">Email: <span style=\"text-decoration: underline; color: #00ccff;\">kamel.djeghaba@univ-annaba.dz\u00a0<\/span><\/span><\/span><\/div>\n<\/div>\n<\/div>\n<\/div>\n<div>\n<div>\n<div><\/div>\n<\/div>\n<\/div>\n<div>\n<div>Pr.\u00a0 \u00a0Khadir Mohamed Tarek<\/div>\n<div>\n<div><span style=\"color: #0000ff; font-size: 10pt;\">Facult\u00e9 des Sciences de l&rsquo;ing\u00e9niorat\u00a0 , D\u00e9partement\u00a0 Informatique.<\/span><\/div>\n<div><span style=\"color: #0000ff; font-size: 10pt;\"><span style=\"color: #0000ff;\">Email: <span style=\"text-decoration: underline; color: #00ccff;\"><a style=\"color: #00ccff; text-decoration: underline;\" href=\"mailto:khadir@labged.net\">khadir@labged.net<\/a><\/span><\/span><\/span><\/div>\n<div><\/div>\n<\/div>\n<\/div>\n<div><span style=\"font-size: 10pt; color: #000000;\">Pr. Doghmane Noureddine<\/span><\/div>\n<div><span style=\"font-size: 10pt; color: #0000ff;\">Facult\u00e9 des Sciences de l\u2019ing\u00e9niorat, D\u00e9partement\u00a0 Electronique.<\/span><\/div>\n<div><span style=\"font-size: 10pt;\"><span style=\"color: #0000ff;\">Email<\/span>\u00a0: <span style=\"color: #00ccff;\"><a style=\"color: #00ccff;\" href=\"mailto:ndoghmane@univ-annaba.org\">ndoghmane@univ-annaba.org<\/a><\/span><\/span><\/div>\n<div><\/div>\n<div>\n<div><span style=\"color: #000000; font-size: 14px;\">Pr Nouri Fatma zohra<\/span><\/div>\n<div><span style=\"color: #3366ff; font-size: 14px;\">Facult\u00e9 des Sciences,\u00a0D\u00e9partement des math\u00e9matiques<\/span><\/div>\n<div><span style=\"font-size: 10pt; color: #3366ff;\">Email: <span style=\"text-decoration: underline; color: #00ccff;\">fatma tassili.nan09@gmail.com\u00a0<\/span><\/span><\/div>\n<p>&nbsp;<\/p>\n<\/div>\n<div><span style=\"font-size: large;\"><b>Secr\u00e9tariat<\/b><\/span><br \/>\nM<sup>me<\/sup>\u00a0 Wided Bouteraa<\/div>\n<div><span style=\"color: #0000ff;\">ing\u00e9nieur en informatique\u00a0\u00a0<\/span><\/div>\n","protected":false},"excerpt":{"rendered":"<p>Directeur de la Revue Pr.\u00a0 Mohamed Manaa Recteur de l\u2019Universit\u00e9 Badji Mokhtar \u2013 Annaba Facult\u00e9 des lettres et des sciences sociales et humaines, D\u00e9partement\u00a0 Anglais. Directeur des Publications Pr.\u00a0Chaoui Kamel Facult\u00e9 des Sciences de l&rsquo;ing\u00e9niorat , D\u00e9partement\u00a0 M\u00e9canique. Email:\u00a0\u00a0chaoui.kam23@gmail.com R\u00e9dacteur &hellip; <a href=\"https:\/\/synthese.univ-annaba.dz\/?page_id=271\">Lire la suite <span class=\"meta-nav\">&raquo;<\/span><\/a><\/p>\n","protected":false},"author":3,"featured_media":0,"parent":0,"menu_order":0,"comment_status":"closed","ping_status":"open","template":"","meta":{"footnotes":""},"class_list":["post-271","page","type-page","status-publish","hentry"],"_links":{"self":[{"href":"https:\/\/synthese.univ-annaba.dz\/index.php?rest_route=\/wp\/v2\/pages\/271","targetHints":{"allow":["GET"]}}],"collection":[{"href":"https:\/\/synthese.univ-annaba.dz\/index.php?rest_route=\/wp\/v2\/pages"}],"about":[{"href":"https:\/\/synthese.univ-annaba.dz\/index.php?rest_route=\/wp\/v2\/types\/page"}],"author":[{"embeddable":true,"href":"https:\/\/synthese.univ-annaba.dz\/index.php?rest_route=\/wp\/v2\/users\/3"}],"replies":[{"embeddable":true,"href":"https:\/\/synthese.univ-annaba.dz\/index.php?rest_route=%2Fwp%2Fv2%2Fcomments&post=271"}],"version-history":[{"count":70,"href":"https:\/\/synthese.univ-annaba.dz\/index.php?rest_route=\/wp\/v2\/pages\/271\/revisions"}],"predecessor-version":[{"id":8562,"href":"https:\/\/synthese.univ-annaba.dz\/index.php?rest_route=\/wp\/v2\/pages\/271\/revisions\/8562"}],"wp:attachment":[{"href":"https:\/\/synthese.univ-annaba.dz\/index.php?rest_route=%2Fwp%2Fv2%2Fmedia&parent=271"}],"curies":[{"name":"wp","href":"https:\/\/api.w.org\/{rel}","templated":true}]}}