{"id":264,"date":"2014-04-03T10:28:46","date_gmt":"2014-04-03T09:28:46","guid":{"rendered":"http:\/\/localhost\/direction\/?page_id=264"},"modified":"2017-05-24T11:41:55","modified_gmt":"2017-05-24T10:41:55","slug":"264-2","status":"publish","type":"page","link":"https:\/\/synthese.univ-annaba.dz\/?page_id=264","title":{"rendered":"Comit\u00e9 scientifique"},"content":{"rendered":"<table style=\"width: 100%;\" border=\"0\" cellspacing=\"0\" cellpadding=\"0\" align=\"left\">\n<tbody>\n<tr>\n<td valign=\"top\" width=\"23%\"><strong>Abdessamed Rachid<\/strong><\/td>\n<td valign=\"top\" width=\"76%\">Professeur, G\u00e9nie Electrique, Universit\u00e9 Hadj Lakhdar, Batna ( Alg\u00e9rie)<\/td>\n<\/tr>\n<tr>\n<td valign=\"top\" width=\"23%\"><strong>Alkama Djamel<\/strong><\/td>\n<td valign=\"top\" width=\"76%\">\u00a0Professeur , Architucure et Urbanisme , Universit\u00e9 du 8 Mai 45, Guelma (Alg\u00e9rie)<\/td>\n<\/tr>\n<tr>\n<td valign=\"top\" width=\"23%\"><strong>Amrouche Abdelwahab<\/strong><\/td>\n<td valign=\"top\" width=\"76%\">\u00a0Professeur, G\u00e9nie Electrique, Universit\u00e9 d\u2019Artois, Lille (France)<\/td>\n<\/tr>\n<tr>\n<td valign=\"top\" width=\"23%\"><strong>Behim Mourad<\/strong><\/td>\n<td valign=\"top\" width=\"76%\">\u00a0Professeur, Mat\u00e9riaux de Construction, Universit\u00e9 Badji Mokhtar, Annaba (Alg\u00e9rie)<\/td>\n<\/tr>\n<tr>\n<td valign=\"top\" width=\"23%\"><strong>Benaoumeur Senouci <\/strong><\/td>\n<td valign=\"top\" width=\"76%\">Professeur , Informatique et Electronique, LACSC, Laboratory Central Electronic Engineering School ECE, Paris (France)<\/td>\n<\/tr>\n<tr>\n<td valign=\"top\" width=\"23%\"><strong>Benmedakh\u00e8ne Salim <\/strong><\/td>\n<td valign=\"top\" width=\"76%\">Professeur, Emission Acoustique, Universit\u00e9 de Technologie de Compi\u00e9gne, UTC ( France)<\/td>\n<\/tr>\n<tr>\n<td valign=\"top\" width=\"23%\"><b>Bensaker<\/b><b> \u00a0Bachir<\/b><b> <\/b><b><\/b><\/td>\n<td valign=\"top\" width=\"76%\">Professseur, Electronique, Universit\u00e9 Badji Mokhtar, Annaba (Alg\u00e9rie)\u00a0 <a href=\"http:\/\/dpubma.univ-annaba.dz\/wp-content\/uploads\/2014\/04\/2cv-Bensaker.doc\">CV<\/a><\/td>\n<\/tr>\n<tr>\n<td valign=\"top\" width=\"23%\"><b>Benyacoub<\/b><b> Slim<\/b><\/td>\n<td style=\"text-align: left;\" valign=\"top\" width=\"76%\">Professseur, Ornithologie -Ecologie animale, Universit\u00e9 Badji Mokhtar, Annaba (Alg\u00e9rie)\u00a0 <a href=\"http:\/\/dpubma.univ-annaba.dz\/wp-content\/uploads\/2014\/04\/3cv-benyacoub.pdf\">CV<\/a><\/td>\n<\/tr>\n<tr>\n<td valign=\"top\" width=\"23%\">\n<div><b><strong>Bianchi Claudia L.<\/strong><\/b><\/div>\n<\/td>\n<td style=\"text-align: left;\" valign=\"top\" width=\"76%\">\n<div>Professeur, Chimie, Universit\u00e9 de Milan (Italie) <a href=\"http:\/\/dpubma.univ-annaba.dz\/wp-content\/uploads\/2014\/04\/4cv-bianchi.doc\">CV<\/a><\/div>\n<\/td>\n<\/tr>\n<tr>\n<td valign=\"top\" width=\"23%\"><b>Bouazziz \u00a0Mourad <\/b><\/td>\n<td valign=\"top\" width=\"76%\">Professeur, Medecine\u00a0 Universit\u00e9 Badji Mokhtar, Annaba (Alg\u00e9rie)\u00a0 <a href=\"http:\/\/dpubma.univ-annaba.dz\/wp-content\/uploads\/2014\/04\/5cv-Mourad_BOUAZIZ.doc\">CV<\/a><\/td>\n<\/tr>\n<tr>\n<td valign=\"top\" width=\"23%\"><strong>\u00a0Bouchoucha Ali\u00a0<\/strong><\/td>\n<td valign=\"top\" width=\"76%\">Professeur, Medecine, Universit\u00e9 Badji Mokhtar, Annaba (Alg\u00e9rie)<\/td>\n<\/tr>\n<tr>\n<td valign=\"top\" width=\"23%\"><strong>Boukhili Rachid <\/strong><\/td>\n<td valign=\"top\" width=\"76%\">Professeur , Polym\u00e9re et Composite, Ecole Polytechnique de Montr\u00e9al, (Canada)<\/td>\n<\/tr>\n<tr>\n<td valign=\"top\" width=\"23%\"><strong>Bourennane El Bey <\/strong><\/td>\n<td valign=\"top\" width=\"76%\">Professeur, Informatique et Electronique , Universit\u00e9 Bourgogne, (France)<\/td>\n<\/tr>\n<tr>\n<td valign=\"top\" width=\"23%\"><b>Bouzar \u00a0Chikh <\/b><\/td>\n<td valign=\"top\" width=\"76%\">Professeur, Math\u00e9matiques, Universit\u00e9 Es-Senia, Oran (Alg\u00e9rie) <a href=\"http:\/\/dpubma.univ-annaba.dz\/wp-content\/uploads\/2014\/04\/6cv-BOUZAR.doc\">CV<\/a><\/td>\n<\/tr>\n<tr>\n<td valign=\"top\" width=\"23%\">\u00a0<strong>Burgel Guy\u00a0<\/strong><\/td>\n<td valign=\"top\" width=\"76%\">\u00a0Professeur, Urbanisme, Universit\u00e9 Paris \u00a0 Nanterre (France)<\/td>\n<\/tr>\n<tr>\n<td valign=\"top\" width=\"23%\">\u00a0<strong>Chaoui Allaoua\u00a0<\/strong><\/td>\n<td valign=\"top\" width=\"76%\">\u00a0Professeur, Informatique fondation et application , Universit\u00e9 Constantine 2<\/td>\n<\/tr>\n<tr>\n<td valign=\"top\" width=\"23%\"><b>Chaoui<\/b><b> \u00a0<\/b><b>Kamel <\/b><\/td>\n<td valign=\"top\" width=\"76%\">Professeur, M\u00e9canique, Universit\u00e9 Badji Mokhtar, Annaba (Alg\u00e9rie)\u00a0 <a href=\"http:\/\/dpubma.univ-annaba.dz\/wp-content\/uploads\/2014\/04\/7cv-Chaoui.docx\">CV<\/a><\/td>\n<\/tr>\n<tr>\n<td valign=\"top\" width=\"23%\"><strong>Chaplain Myriam <\/strong><\/td>\n<td valign=\"top\" width=\"76%\">Professeur , Environnement : Bois, I2M-GCE, Universit\u00e9 de Bordeaux1 (France)<\/td>\n<\/tr>\n<tr>\n<td valign=\"top\" width=\"23%\"><b>Djabri <\/b><b>Larbi<\/b><\/td>\n<td valign=\"top\" width=\"76%\">Professeur, Hydrog\u00e9ologie, Universit\u00e9 Badji Mokhtar, Annaba (Alg\u00e9rie)\u00a0\u00a0 <a href=\"http:\/\/dpubma.univ-annaba.dz\/wp-content\/uploads\/2014\/04\/8cv-Djabri.doc\">CV<\/a><\/td>\n<\/tr>\n<tr>\n<td valign=\"top\" width=\"23%\"><b><strong>Giraudoux Patrick <\/strong><\/b><\/td>\n<td valign=\"top\" width=\"76%\">Professeur, Ecologie et Environnement, Universit\u00e9 de Besan\u00e7on (France)\u00a0 <a href=\"http:\/\/chrono-environnement.univ-fcomte.fr\/spip.php?article23\">CV<\/a><\/td>\n<\/tr>\n<tr>\n<td valign=\"top\" width=\"23%\"><strong>Hadjoub Zahia <\/strong><\/td>\n<td valign=\"top\" width=\"76%\">Professeur, S\/C et microacoustique, Universit\u00e9 Badji Mokhtar, Annaba (Alg\u00e9rie)\u00a0 <a href=\"http:\/\/dpubma.univ-annaba.dz\/wp-content\/uploads\/2014\/04\/CV-_Z.-Hadjoub_2014_Synthese.pdf\">CV<\/a><\/td>\n<\/tr>\n<tr>\n<td valign=\"top\" width=\"23%\"><b>Kara<\/b><b> <\/b><b>Hichem <\/b><\/td>\n<td valign=\"top\" width=\"76%\">Professeur, Biologie Marine, Universit\u00e9 Badji Mokhtar, Annaba (Alg\u00e9rie) <a href=\"http:\/\/dpubma.univ-annaba.dz\/wp-content\/uploads\/2014\/04\/12cv-kara.doc\">CV<\/a><\/td>\n<\/tr>\n<tr>\n<td valign=\"top\" width=\"23%\"><strong>\u00a0Karama Moussa<\/strong><\/td>\n<td valign=\"top\" width=\"76%\">Professeur, G\u00e9nie M\u00e9canique, Ecole Nationale d\u2019 Ing\u00e9nieurs de Tarbes (France)<\/td>\n<\/tr>\n<tr>\n<td valign=\"top\" width=\"23%\"><b>Kharoubi<\/b><b> \u00a0<\/b><b>Smail <\/b><\/td>\n<td valign=\"top\" width=\"76%\">Professeur, M\u00e9decine, Universit\u00e9 Badji Mokhtar, Annaba (Alg\u00e9rie)\u00a0 <a href=\"http:\/\/dpubma.univ-annaba.dz\/wp-content\/uploads\/2014\/04\/13cv-KHAROUBI-SMAIL.doc\">CV<\/a><\/td>\n<\/tr>\n<tr>\n<td valign=\"top\" width=\"23%\"><b>Labaiz \u00a0Mohamed <\/b><b><\/b><\/td>\n<td valign=\"top\" width=\"76%\">Professeur, M\u00e9tallurgie, Universit\u00e9 Badji Mokhtar, Annaba (Alg\u00e9rie) <a href=\"http:\/\/dpubma.univ-annaba.dz\/wp-content\/uploads\/2014\/04\/14cv-M.LABA\u00cfZ.doc\">CV<\/a><\/td>\n<\/tr>\n<tr>\n<td valign=\"top\" width=\"23%\"><b>Ladjama \u00a0Ali <\/b><b><\/b><\/td>\n<td valign=\"top\" width=\"76%\">Professeur, Biotechnologie, Universit\u00e9 Badji Mokhtar, Annaba (Alg\u00e9rie)\u00a0 <a href=\"http:\/\/dpubma.univ-annaba.dz\/wp-content\/uploads\/2014\/04\/15cv-ALI-LADJAMA.docx\">CV<\/a><\/td>\n<\/tr>\n<tr>\n<td valign=\"top\" width=\"23%\"><b>Makhlouf<\/b><b> \u00a0Amar <\/b><\/td>\n<td valign=\"top\" width=\"76%\">Professeur, Math\u00e9matiques, Universit\u00e9 Badji Mokhtar, Annaba (Alg\u00e9rie)\u00a0 <a href=\"http:\/\/dpubma.univ-annaba.dz\/wp-content\/uploads\/2014\/04\/16cv-Makhlouf.docx\">CV<\/a><\/td>\n<\/tr>\n<tr>\n<td valign=\"top\" width=\"23%\"><b>Masmoudi \u00a0Ahmed <\/b><\/td>\n<td valign=\"top\" width=\"76%\">Professeur, Energies renouvelables, E.N.S. Tunis\u00a0 (Tunisie) <a href=\"http:\/\/dpubma.univ-annaba.dz\/wp-content\/uploads\/2014\/04\/16cv-Makhlouf.docx\">CV<\/a><\/td>\n<\/tr>\n<tr>\n<td valign=\"top\" width=\"23%\">\u00a0<strong>Mekhilef Saad\u00a0<\/strong><\/td>\n<td valign=\"top\" width=\"76%\">\u00a0Professeur, G\u00e9nie Electrique, Universit\u00e9 Malaisie (Malaisie)<\/td>\n<\/tr>\n<tr>\n<td valign=\"top\" width=\"23%\"><b>Redjel<\/b><b> \u00a0<\/b><b>Bachir\u00a0<\/b><\/td>\n<td valign=\"top\" width=\"76%\">Professeur, G\u00e9nie Civil, Universit\u00e9 Badji Mokhtar, Annaba (Alg\u00e9rie) <a href=\"http:\/\/dpubma.univ-annaba.dz\/wp-content\/uploads\/2014\/04\/20cv.redjel-B.doc\">CV<\/a><\/td>\n<\/tr>\n<tr>\n<td valign=\"top\" width=\"23%\"><strong>\u00a0Sahraoui &#8211; Belabed Badia\u00a0<\/strong><\/td>\n<td valign=\"top\" width=\"76%\">Professeur, Histoire de l\u2019architecture et de l\u2019urbanisme, Universit\u00e9 Salah Boubnider Constantine (Alg\u00e9rie)<\/td>\n<\/tr>\n<tr>\n<td valign=\"top\" width=\"23%\">\u00a0<strong>Siad Larbi<\/strong><\/td>\n<td valign=\"top\" width=\"76%\">\u00a0Professeur, Mat\u00e9riaux et M\u00e9canbiologie, Universit\u00e9 de Reims Champagne (France)<\/td>\n<\/tr>\n<tr>\n<td valign=\"top\" width=\"23%\"><b>Soltani \u00a0Noureddine <\/b><b><\/b><\/td>\n<td valign=\"top\" width=\"76%\"><span style=\"color: #000000;\">Professeur, D\u00e9partement de Biologie, Universit\u00e9 Badji Mokhtar, Annaba (Alg\u00e9rie) <a style=\"color: #000000;\" href=\"http:\/\/dpubma.univ-annaba.dz\/wp-content\/uploads\/2014\/04\/23cv-Soltani.doc\">CV<\/a><\/span><\/td>\n<\/tr>\n<tr>\n<td valign=\"top\" width=\"23%\"><b>Taabni \u00a0Mohamed<\/b><\/td>\n<td valign=\"top\" width=\"76%\"><span style=\"color: #000000;\">Professeur, G\u00e9omorphologie, Poitiers (France)\u00a0 <a style=\"color: #000000;\" href=\"http:\/\/dpubma.univ-annaba.dz\/wp-content\/uploads\/2014\/04\/24cv-Mohamed-TAABNI.doc\">CV<\/a><\/span><\/td>\n<\/tr>\n<tr>\n<td valign=\"top\" width=\"23%\"><span style=\"color: #ff6600;\"><b>Tifouti<\/b><b> \u00a0<\/b><b>Lakhdar <\/b><\/span><\/td>\n<td valign=\"top\" width=\"76%\"><span style=\"color: #000000;\">Professeur, G\u00e9nie des Proc\u00e9d\u00e9s, Universit\u00e9 Badji Mokhtar, Annaba (Alg\u00e9rie) <a style=\"color: #000000;\" href=\"http:\/\/dpubma.univ-annaba.dz\/wp-content\/uploads\/2014\/04\/25cv-Pr.Tifouti.doc\">CV<\/a><\/span><\/td>\n<\/tr>\n<tr>\n<td valign=\"top\" width=\"23%\"><span style=\"color: #ff6600;\"><b>Zerouala Med salah, <\/b><\/span><\/td>\n<td valign=\"top\" width=\"76%\"><span style=\"color: #000000;\">Professeur, Architecture, EPAU, Alger (Alg\u00e9rie)<\/span><\/td>\n<\/tr>\n<tr>\n<td valign=\"top\" width=\"23%\"><span style=\"color: #ff6600;\"><b>Zouioueche<\/b><b> \u00a0<\/b><b>Louisa <\/b><\/span><\/td>\n<td valign=\"top\" width=\"76%\"><span style=\"color: #000000;\">Professeur, Chimie Organique, Universit\u00e9 Badji Mokhtar, Annaba (Alg\u00e9rie) <a style=\"color: #000000;\" href=\"http:\/\/dpubma.univ-annaba.dz\/wp-content\/uploads\/2014\/04\/26cv-ZOUIOUECHE.doc\">CV<\/a><\/span><\/td>\n<\/tr>\n<\/tbody>\n<\/table>\n<p>&nbsp;<\/p>\n","protected":false},"excerpt":{"rendered":"<p>Abdessamed Rachid Professeur, G\u00e9nie Electrique, Universit\u00e9 Hadj Lakhdar, Batna ( Alg\u00e9rie) Alkama Djamel \u00a0Professeur , Architucure et Urbanisme , Universit\u00e9 du 8 Mai 45, Guelma (Alg\u00e9rie) Amrouche Abdelwahab \u00a0Professeur, G\u00e9nie Electrique, Universit\u00e9 d\u2019Artois, Lille (France) Behim Mourad \u00a0Professeur, Mat\u00e9riaux de &hellip; <a href=\"https:\/\/synthese.univ-annaba.dz\/?page_id=264\">Lire la suite <span class=\"meta-nav\">&raquo;<\/span><\/a><\/p>\n","protected":false},"author":3,"featured_media":0,"parent":0,"menu_order":0,"comment_status":"closed","ping_status":"open","template":"full-width-page.php","meta":{"footnotes":""},"class_list":["post-264","page","type-page","status-publish","hentry"],"_links":{"self":[{"href":"https:\/\/synthese.univ-annaba.dz\/index.php?rest_route=\/wp\/v2\/pages\/264","targetHints":{"allow":["GET"]}}],"collection":[{"href":"https:\/\/synthese.univ-annaba.dz\/index.php?rest_route=\/wp\/v2\/pages"}],"about":[{"href":"https:\/\/synthese.univ-annaba.dz\/index.php?rest_route=\/wp\/v2\/types\/page"}],"author":[{"embeddable":true,"href":"https:\/\/synthese.univ-annaba.dz\/index.php?rest_route=\/wp\/v2\/users\/3"}],"replies":[{"embeddable":true,"href":"https:\/\/synthese.univ-annaba.dz\/index.php?rest_route=%2Fwp%2Fv2%2Fcomments&post=264"}],"version-history":[{"count":28,"href":"https:\/\/synthese.univ-annaba.dz\/index.php?rest_route=\/wp\/v2\/pages\/264\/revisions"}],"predecessor-version":[{"id":6849,"href":"https:\/\/synthese.univ-annaba.dz\/index.php?rest_route=\/wp\/v2\/pages\/264\/revisions\/6849"}],"wp:attachment":[{"href":"https:\/\/synthese.univ-annaba.dz\/index.php?rest_route=%2Fwp%2Fv2%2Fmedia&parent=264"}],"curies":[{"name":"wp","href":"https:\/\/api.w.org\/{rel}","templated":true}]}}